{"id":3721,"date":"2021-05-14T14:06:35","date_gmt":"2021-05-14T13:06:35","guid":{"rendered":"https:\/\/sing-human-rights.org\/?page_id=3721"},"modified":"2024-02-12T15:38:34","modified_gmt":"2024-02-12T14:38:34","slug":"gg","status":"publish","type":"page","link":"https:\/\/sing-human-rights.org\/en\/gg\/","title":{"rendered":"Die W\u00fcrde des Menschen"},"content":{"rendered":"\n<h2 class=\"wp-block-heading\">Das Grundgesetz als Song<\/h2>\n\n\n\n<p><strong>Was steht eigentlich genau im Grundgesetz? Man kann es zig mal lesen, aber merken kann man es sich viel besser mit einer eing\u00e4ngigen Melodie. Deshalb singt der Duisburger Komponist Axel Christian Schullz Artikel 1 des Grundgesetzes, und zwar den original Text &#8211; Wort f\u00fcr Wort.<\/strong><\/p>\n\n\n\n<iframe loading=\"lazy\" width=\"100%\" height=\"166\" scrolling=\"no\" frameborder=\"no\" allow=\"autoplay\" src=\"https:\/\/w.soundcloud.com\/player\/?url=https%3A\/\/api.soundcloud.com\/tracks\/1053696061&#038;color=%23ff5500&#038;auto_play=false&#038;hide_related=false&#038;show_comments=true&#038;show_user=true&#038;show_reposts=false&#038;show_teaser=true\"><\/iframe><div style=\"font-size: 10px; color: #cccccc;line-break: anywhere;word-break: normal;overflow: hidden;white-space: nowrap;text-overflow: ellipsis; font-family: Interstate,Lucida Grande,Lucida Sans Unicode,Lucida Sans,Garuda,Verdana,Tahoma,sans-serif;font-weight: 100;\"><a href=\"https:\/\/soundcloud.com\/singhumanrights\" title=\"Sing Human Rights\" target=\"_blank\" style=\"color: #cccccc; text-decoration: none;\" rel=\"noopener\">Sing Human Rights<\/a> \u00b7 <a href=\"https:\/\/soundcloud.com\/singhumanrights\/die-wuerde-des-menschen\" title=\"Die W\u00fcrde des Menschen\" target=\"_blank\" style=\"color: #cccccc; text-decoration: none;\" rel=\"noopener\">Die W\u00fcrde des Menschen<\/a><\/div>\n\n\n\n<p><a download=\"\" href=\"https:\/\/www.sing-human-rights.org\/Die-Wuerde-des-Menschen.mp3\">Der Song als kostenloser MP3-Download.<\/a><\/p>\n\n\n\n<p><a href=\"https:\/\/open.spotify.com\/intl-de\/track\/77wXhEJJj7BfupRBltVDOo\">Spotify<\/a> &#8211; <a href=\"https:\/\/music.apple.com\/au\/album\/die-w%C3%BCrde-des-menschen-single\/1567595260\">Apple Music<\/a> &#8211; <a href=\"https:\/\/music.amazon.de\/albums\/B094YQ1SST\">Amazon Music<\/a> &#8211; <a href=\"https:\/\/youtu.be\/kRC6NKgMZgE?feature=shared\">Youtube<\/a><\/p>\n\n\n\n<p>Der 23. Mai 1949 wurde das Grundgesetz vom Deutschen Bundestag verabschiedet. 72 Jahre sp\u00e4ter geht Artikel 1 als Popsong an den Start. Auf allen Streamingdiensten und im Radio ist der Titel ab sofort eine echte Alternative zu Haydns Kaiserquartett.<\/p>\n\n\n\n<div class=\"wp-block-media-text alignwide is-stacked-on-mobile is-vertically-aligned-top\"><figure class=\"wp-block-media-text__media\"><a href=\"https:\/\/test.sing-human-rights.org\/wp-content\/uploads\/2021\/05\/Die-Wuerde_CD-Cover.jpg\"><img loading=\"lazy\" decoding=\"async\" width=\"1024\" height=\"1024\" src=\"https:\/\/test.sing-human-rights.org\/wp-content\/uploads\/2021\/05\/Die-Wuerde_CD-Cover-1024x1024.jpg\" alt=\"\" class=\"wp-image-3715 size-full\" srcset=\"https:\/\/sing-human-rights.org\/wp-content\/uploads\/2021\/05\/Die-Wuerde_CD-Cover-1024x1024.jpg 1024w, https:\/\/sing-human-rights.org\/wp-content\/uploads\/2021\/05\/Die-Wuerde_CD-Cover-300x300.jpg 300w, https:\/\/sing-human-rights.org\/wp-content\/uploads\/2021\/05\/Die-Wuerde_CD-Cover-150x150.jpg 150w, https:\/\/sing-human-rights.org\/wp-content\/uploads\/2021\/05\/Die-Wuerde_CD-Cover-768x768.jpg 768w, https:\/\/sing-human-rights.org\/wp-content\/uploads\/2021\/05\/Die-Wuerde_CD-Cover.jpg 1500w\" sizes=\"auto, (max-width: 1024px) 100vw, 1024px\" \/><\/a><\/figure><div class=\"wp-block-media-text__content\">\n<p class=\"has-medium-font-size\"><em>Die W\u00fcrde des Menschen ist unanstastbar. Sie zu achten und zu sch\u00fctzen ist Verpflichtung aller staatlichen Gewalt.<\/em><\/p>\n<\/div><\/div>\n\n\n\n<h2 class=\"wp-block-heading\">Noten<\/h2>\n\n\n\n<p>Noten zum Song &#8220;Die W\u00fcrde des Menschen&#8221; finden Sie als PDF hier: <a href=\"https:\/\/www.sing-human-rights.org\/Die-Wuerde-des-Menschen_Fm.pdf\">https:\/\/www.sing-human-rights.org\/Die-Wuerde-des-Menschen_Fm.pdf.<\/a> (original Tonart &#8211; Umfang Eb4-F5)<\/p>\n\n\n\n<p>Etwas tiefer (Umfang C4-D5) gibt es sie hier: <a href=\"https:\/\/www.sing-human-rights.org\/Die-Wuerde-des-Menschen_Dm.pdf\">https:\/\/www.sing-human-rights.org\/Die-Wuerde-des-Menschen_Dm.pdf.<\/a><\/p>\n\n\n\n<p>Die Noten d\u00fcrfen kopiert und weitergegeben werden.<\/p>\n\n\n\n<h2 class=\"wp-block-heading\">Hintergrund<\/h2>\n\n\n\n<p>Seit 2009 vertont Axel Christian Schullz die Artikel der Allgemeinen Erkl\u00e4rung der Menschenrechte. Es sind Texte, die das Zusammenleben aller Menschen regeln.<\/p>\n\n\n\n<p>Wie k\u00f6nnen diese wichtigen Texte mehr in das Bewusstsein der Menschen gelangen? Als kreativer Mensch, der gern nach neuen und ungew\u00f6hnlichen L\u00f6sungen sucht, kam Schullz auf die Idee, sperrige Rechtstexte mit eing\u00e4ngigen Melodien und mitrei\u00dfenden Rhythmen zu versehen.<\/p>\n\n\n\n<p>Melodien bleiben im Ohr, der Text bleibt im Kopf. Wer &#8220;Die W\u00fcrde des Menschen&#8221; geh\u00f6rt hat, wei\u00df, dass nach Artikel 1 Grundrechte folgen, die unmittelbar geltendes Recht sind.<\/p>\n\n\n\n<p>Die ungew\u00f6hnliche Form, n\u00e4mlich einen Gesetzestext als Popsong zu h\u00f6ren, soll anregen \u00fcber diesen Text zu sprechen. Ist diese Art der Musik \u00fcberhaupt angemessen f\u00fcr diesen Inhalt? Wenn \u00fcber diese Frage diskutiert wird, dann ist schon ein gro\u00dfer Schritt getan, es wird n\u00e4mlich \u00fcber die inhaltliche Bedeutung von Artikel 1 unseres Grundgesetzes gesprochen. Das sollte h\u00e4ufiger geschehen. Denn es ist eine <em>der<\/em> Grundregeln unseres Zusammenlebens in Deutschland.<\/p>\n\n\n\n<h2 class=\"wp-block-heading\">Kostenlos und gemeinn\u00fctzig<\/h2>\n\n\n\n<p>Alle Ver\u00f6ffentlichungen der Singing Rights gUG sind kostenlos. Auch &#8220;Die W\u00fcrde des Menschen&#8221; darf ab dem 23.5. frei heruntergeladen und vervielf\u00e4ltigt werden. Auf diese Weise f\u00f6rdert die Singing Rights gUG das demokratische Staatswesen (laut Abgabenordnung).<\/p>\n\n\n\n<p>Auch die Noten d\u00fcrfen heruntergeladen, gedruckt und kopiert werden.<\/p>\n\n\n\n<h3 class=\"wp-block-heading\">Warum kostet &#8220;Die W\u00fcrde des Menschen&#8221; auf Spotify, iTunes&#8230; Geld?<\/h3>\n\n\n\n<p>Leider ist es nicht m\u00f6glich, den Song auf den gro\u00dfen Streaming-Plattformen kostenlos anzubieten. Das Geld flie\u00dft jedoch in die Arbeit der Singing Rights gUG.<\/p>\n\n\n\n<h3 class=\"wp-block-heading\">Wie kann man die gesungenen Rechte unterst\u00fctzen?<\/h3>\n\n\n\n<p>Ja, gesungene Rechte kannst du unterst\u00fctzen, die Singing Rights gUG ist in Deutschland als gemeinn\u00fctzig anerkannt. Dadurch k\u00f6nnen wir f\u00fcr Geldzuwendungen auch Spendenbescheinigungen ausstellen.<\/p>\n\n\n\n<h2 class=\"wp-block-heading\">Kontakt<\/h2>\n\n\n\n<p>Sie erreichen Axel Christian Schullz unter der Telefonnummer 0203-71 85 613 oder mobil 0174-21 24 122.<\/p>\n\n\n\n<p>Per E-Mail: <a href=\"mailto:in**@***************ts.org\" data-original-string=\"SZxOa2niID9KdwmOHH1dHQ==a480zAl+kcfJV+cAHHXS43dmEffTLN99rhjQcVyISnHiPc=\" title=\"This contact has been encoded by Anti-Spam by CleanTalk. Click to decode. To finish the decoding make sure that JavaScript is enabled in your browser.\" rel=\"nofollow\"><span \n                data-original-string='TH6e4YIKVckBavyGKNpkPg==a48Kel17BmjqYzitGkqllJ4P7yQq0OSJE7YP+yLPPEwjQM='\n                class='apbct-email-encoder'\n                title='This contact has been encoded by Anti-Spam by CleanTalk. Click to decode. To finish the decoding make sure that JavaScript is enabled in your browser.'>in<span class=\"apbct-blur\">**<\/span>@<span class=\"apbct-blur\">***************<\/span>ts.org<\/span><\/a>.<\/p>\n\n\n\n<h2 class=\"wp-block-heading\">Presse \u00fcber &#8220;Die W\u00fcrde des Menschen<\/h2>\n\n\n\n<p><a href=\"https:\/\/www.radioessen.de\/artikel\/essen-folkwang-absolvent-macht-aus-dem-grundgesetz-einen-popsong-954946.html\">https:\/\/www.radioessen.de\/artikel\/essen-folkwang-absolvent-macht-aus-dem-grundgesetz-einen-popsong-954946.html<\/a><\/p>\n","protected":false},"excerpt":{"rendered":"<p>Das Grundgesetz als Song Was steht eigentlich genau im Grundgesetz? Man kann es zig mal lesen, aber merken kann man es sich viel besser mit einer eing\u00e4ngigen Melodie. Deshalb singt der Duisburger Komponist Axel Christian Schullz Artikel 1 des Grundgesetzes, und zwar den original Text &#8211; Wort f\u00fcr Wort. Sing Human Rights \u00b7 Die W\u00fcrde [&hellip;]<\/p>\n","protected":false},"author":1,"featured_media":0,"parent":0,"menu_order":0,"comment_status":"closed","ping_status":"closed","template":"","meta":{"footnotes":"","_links_to":"","_links_to_target":""},"class_list":["post-3721","page","type-page","status-publish","czr-hentry"],"yoast_head":"<!-- This site is optimized with the Yoast SEO plugin v27.3 - https:\/\/yoast.com\/product\/yoast-seo-wordpress\/ -->\n<title>Die W\u00fcrde des Menschen - Sing Human Rights<\/title>\n<meta name=\"description\" content=\"&quot;Die W\u00fcrde des Menschen&quot; ist ein Song von Axel Christian Schullz, der Text ist Artikel 1 des deutschen Grundgesetzes.\" \/>\n<meta name=\"robots\" content=\"index, follow, max-snippet:-1, max-image-preview:large, max-video-preview:-1\" \/>\n<link rel=\"canonical\" href=\"https:\/\/sing-human-rights.org\/gg\/\" \/>\n<meta property=\"og:locale\" content=\"en_US\" \/>\n<meta property=\"og:type\" content=\"article\" \/>\n<meta property=\"og:title\" content=\"Die W\u00fcrde des Menschen - das Grundgesetz als Song\" \/>\n<meta property=\"og:description\" content=\"&quot;Die W\u00fcrde des Menschen&quot; ist ein Song von Axel Christian Schullz, der Text ist Artikel 1 des deutschen Grundgesetzes.\" \/>\n<meta property=\"og:url\" content=\"https:\/\/sing-human-rights.org\/gg\/\" \/>\n<meta property=\"og:site_name\" content=\"Sing Human Rights\" \/>\n<meta property=\"article:modified_time\" content=\"2024-02-12T14:38:34+00:00\" \/>\n<meta property=\"og:image\" content=\"https:\/\/test.sing-human-rights.org\/wp-content\/uploads\/2021\/05\/Die-Wuerde_CD-Cover.jpg\" \/>\n<meta name=\"twitter:card\" content=\"summary_large_image\" \/>\n<meta name=\"twitter:title\" content=\"Die W\u00fcrde des Menschen - das Grundgesetz als Song\" \/>\n<meta name=\"twitter:image\" content=\"https:\/\/test.sing-human-rights.org\/wp-content\/uploads\/2021\/05\/Die-Wuerde_CD-Cover.jpg\" \/>\n<meta name=\"twitter:label1\" content=\"Est. reading time\" \/>\n\t<meta name=\"twitter:data1\" content=\"2 minutes\" \/>\n<script type=\"application\/ld+json\" class=\"yoast-schema-graph\">{\"@context\":\"https:\\\/\\\/schema.org\",\"@graph\":[{\"@type\":\"WebPage\",\"@id\":\"https:\\\/\\\/sing-human-rights.org\\\/gg\\\/\",\"url\":\"https:\\\/\\\/sing-human-rights.org\\\/gg\\\/\",\"name\":\"Die W\u00fcrde des Menschen - Sing Human Rights\",\"isPartOf\":{\"@id\":\"https:\\\/\\\/sing-human-rights.org\\\/#website\"},\"primaryImageOfPage\":{\"@id\":\"https:\\\/\\\/sing-human-rights.org\\\/gg\\\/#primaryimage\"},\"image\":{\"@id\":\"https:\\\/\\\/sing-human-rights.org\\\/gg\\\/#primaryimage\"},\"thumbnailUrl\":\"https:\\\/\\\/test.sing-human-rights.org\\\/wp-content\\\/uploads\\\/2021\\\/05\\\/Die-Wuerde_CD-Cover-1024x1024.jpg\",\"datePublished\":\"2021-05-14T13:06:35+00:00\",\"dateModified\":\"2024-02-12T14:38:34+00:00\",\"description\":\"\\\"Die W\u00fcrde des Menschen\\\" ist ein Song von Axel Christian Schullz, der Text ist Artikel 1 des deutschen Grundgesetzes.\",\"breadcrumb\":{\"@id\":\"https:\\\/\\\/sing-human-rights.org\\\/gg\\\/#breadcrumb\"},\"inLanguage\":\"en-US\",\"potentialAction\":[{\"@type\":\"ReadAction\",\"target\":[\"https:\\\/\\\/sing-human-rights.org\\\/gg\\\/\"]}]},{\"@type\":\"ImageObject\",\"inLanguage\":\"en-US\",\"@id\":\"https:\\\/\\\/sing-human-rights.org\\\/gg\\\/#primaryimage\",\"url\":\"https:\\\/\\\/test.sing-human-rights.org\\\/wp-content\\\/uploads\\\/2021\\\/05\\\/Die-Wuerde_CD-Cover-1024x1024.jpg\",\"contentUrl\":\"https:\\\/\\\/test.sing-human-rights.org\\\/wp-content\\\/uploads\\\/2021\\\/05\\\/Die-Wuerde_CD-Cover-1024x1024.jpg\"},{\"@type\":\"BreadcrumbList\",\"@id\":\"https:\\\/\\\/sing-human-rights.org\\\/gg\\\/#breadcrumb\",\"itemListElement\":[{\"@type\":\"ListItem\",\"position\":1,\"name\":\"Startseite\",\"item\":\"https:\\\/\\\/sing-human-rights.org\\\/article-1\\\/\"},{\"@type\":\"ListItem\",\"position\":2,\"name\":\"Die W\u00fcrde des Menschen\"}]},{\"@type\":\"WebSite\",\"@id\":\"https:\\\/\\\/sing-human-rights.org\\\/#website\",\"url\":\"https:\\\/\\\/sing-human-rights.org\\\/\",\"name\":\"Sing Human Rights\",\"description\":\"Musical Human Rights Education\",\"potentialAction\":[{\"@type\":\"SearchAction\",\"target\":{\"@type\":\"EntryPoint\",\"urlTemplate\":\"https:\\\/\\\/sing-human-rights.org\\\/?s={search_term_string}\"},\"query-input\":{\"@type\":\"PropertyValueSpecification\",\"valueRequired\":true,\"valueName\":\"search_term_string\"}}],\"inLanguage\":\"en-US\"}]}<\/script>\n<!-- \/ Yoast SEO plugin. -->","yoast_head_json":{"title":"Die W\u00fcrde des Menschen - Sing Human Rights","description":"\"Die W\u00fcrde des Menschen\" ist ein Song von Axel Christian Schullz, der Text ist Artikel 1 des deutschen Grundgesetzes.","robots":{"index":"index","follow":"follow","max-snippet":"max-snippet:-1","max-image-preview":"max-image-preview:large","max-video-preview":"max-video-preview:-1"},"canonical":"https:\/\/sing-human-rights.org\/gg\/","og_locale":"en_US","og_type":"article","og_title":"Die W\u00fcrde des Menschen - das Grundgesetz als Song","og_description":"\"Die W\u00fcrde des Menschen\" ist ein Song von Axel Christian Schullz, der Text ist Artikel 1 des deutschen Grundgesetzes.","og_url":"https:\/\/sing-human-rights.org\/gg\/","og_site_name":"Sing Human Rights","article_modified_time":"2024-02-12T14:38:34+00:00","og_image":[{"url":"https:\/\/test.sing-human-rights.org\/wp-content\/uploads\/2021\/05\/Die-Wuerde_CD-Cover.jpg","type":"","width":"","height":""}],"twitter_card":"summary_large_image","twitter_title":"Die W\u00fcrde des Menschen - das Grundgesetz als Song","twitter_image":"https:\/\/test.sing-human-rights.org\/wp-content\/uploads\/2021\/05\/Die-Wuerde_CD-Cover.jpg","twitter_misc":{"Est. reading time":"2 minutes"},"schema":{"@context":"https:\/\/schema.org","@graph":[{"@type":"WebPage","@id":"https:\/\/sing-human-rights.org\/gg\/","url":"https:\/\/sing-human-rights.org\/gg\/","name":"Die W\u00fcrde des Menschen - Sing Human Rights","isPartOf":{"@id":"https:\/\/sing-human-rights.org\/#website"},"primaryImageOfPage":{"@id":"https:\/\/sing-human-rights.org\/gg\/#primaryimage"},"image":{"@id":"https:\/\/sing-human-rights.org\/gg\/#primaryimage"},"thumbnailUrl":"https:\/\/test.sing-human-rights.org\/wp-content\/uploads\/2021\/05\/Die-Wuerde_CD-Cover-1024x1024.jpg","datePublished":"2021-05-14T13:06:35+00:00","dateModified":"2024-02-12T14:38:34+00:00","description":"\"Die W\u00fcrde des Menschen\" ist ein Song von Axel Christian Schullz, der Text ist Artikel 1 des deutschen Grundgesetzes.","breadcrumb":{"@id":"https:\/\/sing-human-rights.org\/gg\/#breadcrumb"},"inLanguage":"en-US","potentialAction":[{"@type":"ReadAction","target":["https:\/\/sing-human-rights.org\/gg\/"]}]},{"@type":"ImageObject","inLanguage":"en-US","@id":"https:\/\/sing-human-rights.org\/gg\/#primaryimage","url":"https:\/\/test.sing-human-rights.org\/wp-content\/uploads\/2021\/05\/Die-Wuerde_CD-Cover-1024x1024.jpg","contentUrl":"https:\/\/test.sing-human-rights.org\/wp-content\/uploads\/2021\/05\/Die-Wuerde_CD-Cover-1024x1024.jpg"},{"@type":"BreadcrumbList","@id":"https:\/\/sing-human-rights.org\/gg\/#breadcrumb","itemListElement":[{"@type":"ListItem","position":1,"name":"Startseite","item":"https:\/\/sing-human-rights.org\/article-1\/"},{"@type":"ListItem","position":2,"name":"Die W\u00fcrde des Menschen"}]},{"@type":"WebSite","@id":"https:\/\/sing-human-rights.org\/#website","url":"https:\/\/sing-human-rights.org\/","name":"Sing Human Rights","description":"Musical Human Rights Education","potentialAction":[{"@type":"SearchAction","target":{"@type":"EntryPoint","urlTemplate":"https:\/\/sing-human-rights.org\/?s={search_term_string}"},"query-input":{"@type":"PropertyValueSpecification","valueRequired":true,"valueName":"search_term_string"}}],"inLanguage":"en-US"}]}},"_links":{"self":[{"href":"https:\/\/sing-human-rights.org\/en\/wp-json\/wp\/v2\/pages\/3721","targetHints":{"allow":["GET"]}}],"collection":[{"href":"https:\/\/sing-human-rights.org\/en\/wp-json\/wp\/v2\/pages"}],"about":[{"href":"https:\/\/sing-human-rights.org\/en\/wp-json\/wp\/v2\/types\/page"}],"author":[{"embeddable":true,"href":"https:\/\/sing-human-rights.org\/en\/wp-json\/wp\/v2\/users\/1"}],"replies":[{"embeddable":true,"href":"https:\/\/sing-human-rights.org\/en\/wp-json\/wp\/v2\/comments?post=3721"}],"version-history":[{"count":2,"href":"https:\/\/sing-human-rights.org\/en\/wp-json\/wp\/v2\/pages\/3721\/revisions"}],"predecessor-version":[{"id":4100,"href":"https:\/\/sing-human-rights.org\/en\/wp-json\/wp\/v2\/pages\/3721\/revisions\/4100"}],"wp:attachment":[{"href":"https:\/\/sing-human-rights.org\/en\/wp-json\/wp\/v2\/media?parent=3721"}],"curies":[{"name":"wp","href":"https:\/\/api.w.org\/{rel}","templated":true}]}}