{"id":3483,"date":"2020-03-04T09:15:11","date_gmt":"2020-03-04T08:15:11","guid":{"rendered":"https:\/\/sing-human-rights.org\/?page_id=3483"},"modified":"2020-03-17T23:05:21","modified_gmt":"2020-03-17T22:05:21","slug":"flashmob","status":"publish","type":"page","link":"https:\/\/sing-human-rights.org\/en\/flashmob\/","title":{"rendered":"Flashmob in N\u00fcrnberg"},"content":{"rendered":"<h1>Verschoben!<\/h1>\n<h3>Wegen der aktuellen Lage wird der Flashmob verschoben. Der neue Termin wir hier bekannt gegeben sobald er feststeht.<\/h3>\n<pre style=\"text-align: left;\">Geplant war: Freitag, 17. April 2020 um 17 Uhr\r\n\r\nStra\u00dfe der Menschenrechte (Karth\u00e4usergasse) in N\u00fcrnberg<\/pre>\n<h1><a href=\"https:\/\/test.sing-human-rights.org\/wp-content\/uploads\/2020\/02\/flyer-NBG2020_1.jpg\"><img loading=\"lazy\" decoding=\"async\" class=\"size-thumbnail wp-image-3469 alignnone\" src=\"https:\/\/test.sing-human-rights.org\/wp-content\/uploads\/2020\/02\/flyer-NBG2020_1-150x150.jpg\" alt=\"\" width=\"150\" height=\"150\" \/><\/a><\/h1>\n<h1><\/h1>\n<h1>Sing mit beim Flashmob.<\/h1>\n<h2>Artikel 1<\/h2>\n<p><iframe loading=\"lazy\" src=\"https:\/\/w.soundcloud.com\/player\/?url=https%3A\/\/api.soundcloud.com\/tracks\/366818945&amp;color=%23ff5500&amp;auto_play=false&amp;hide_related=false&amp;show_comments=true&amp;show_user=true&amp;show_reposts=false&amp;show_teaser=true\" width=\"100%\" height=\"166\" frameborder=\"no\" scrolling=\"no\"><\/iframe><br \/>\nAufnahme (Download mit Rechtsklick): <a href=\"https:\/\/test.sing-human-rights.org\/sing-human-rights\/article01\/Artikel1-AxelChr.Schullz.mp3\">https:\/\/test.sing-human-rights.org\/sing-human-rights\/article01\/Artikel1-AxelChr.Schullz.mp3<\/a><\/p>\n<p>Noten-Download Chor: <a href=\"https:\/\/test.sing-human-rights.org\/sing-human-rights\/article01\/art01-02_smab.pdf\">https:\/\/test.sing-human-rights.org\/sing-human-rights\/article01\/art01-02_smab.pdf<\/a><\/p>\n<h2>Wonke Umuntu<\/h2>\n<p><iframe loading=\"lazy\" src=\"https:\/\/w.soundcloud.com\/player\/?url=https%3A\/\/api.soundcloud.com\/tracks\/343682135&amp;color=%23ff5500&amp;auto_play=false&amp;hide_related=false&amp;show_comments=true&amp;show_user=true&amp;show_reposts=false&amp;show_teaser=true\" width=\"100%\" height=\"166\" frameborder=\"no\" scrolling=\"no\"><\/iframe><\/p>\n<p>Aufnahme (Download mit Rechtsklick): <a href=\"https:\/\/test.sing-human-rights.org\/sing-human-rights\/article03\/Wonke_umuntu.mp3\">https:\/\/test.sing-human-rights.org\/sing-human-rights\/article03\/Wonke_umuntu.mp3<\/a><\/p>\n<p>Noten-Download Chor: <a href=\"https:\/\/test.sing-human-rights.org\/sing-human-rights\/article03\/art03_wonke_smab.pdf\">https:\/\/test.sing-human-rights.org\/sing-human-rights\/article03\/art03_wonke_smab.pdf<\/a><\/p>\n<h2>Artikel 19<\/h2>\n<p><iframe loading=\"lazy\" src=\"https:\/\/w.soundcloud.com\/player\/?url=https%3A\/\/api.soundcloud.com\/tracks\/324315379&amp;color=%23ff5500&amp;auto_play=false&amp;hide_related=false&amp;show_comments=true&amp;show_user=true&amp;show_reposts=false&amp;show_teaser=true\" width=\"100%\" height=\"166\" frameborder=\"no\" scrolling=\"no\"><\/iframe><\/p>\n<p>Aufnahme (Download mit Rechtsklick): <a href=\"https:\/\/test.sing-human-rights.org\/sing-human-rights\/article19\/Artikel_19.mp3\">https:\/\/test.sing-human-rights.org\/sing-human-rights\/article19\/Artikel_19.mp3<\/a><\/p>\n<p>Noten-Download Chor: <a href=\"https:\/\/test.sing-human-rights.org\/sing-human-rights\/article19\/art19_unison.pdf\">https:\/\/test.sing-human-rights.org\/sing-human-rights\/article19\/art19_unison.pdf<\/a><\/p>\n<h2>Article 24<\/h2>\n<p><iframe loading=\"lazy\" src=\"https:\/\/w.soundcloud.com\/player\/?url=https%3A\/\/api.soundcloud.com\/tracks\/331354630&amp;color=%23ff5500&amp;auto_play=false&amp;hide_related=false&amp;show_comments=true&amp;show_user=true&amp;show_reposts=false&amp;show_teaser=true\" width=\"100%\" height=\"166\" frameborder=\"no\" scrolling=\"no\"><\/iframe><\/p>\n<p>Aufnahme (Download mit Rechtsklick): <a href=\"https:\/\/test.sing-human-rights.org\/sing-human-rights\/article24\/Article_24.mp3\">https:\/\/test.sing-human-rights.org\/sing-human-rights\/article24\/Article_24.mp3<\/a><\/p>\n<p>Noten-Download Chor: <a href=\"https:\/\/test.sing-human-rights.org\/sing-human-rights\/article24\/art24_smab.pdf\">https:\/\/test.sing-human-rights.org\/sing-human-rights\/article24\/art24_smab.pdf<\/a><\/p>\n<h1>Instrumente<\/h1>\n<p>Du spielst ein Instrument und m\u00f6chtest beim Flashmob mitmachen? Schreib mir eine <a href=\"mailto:in**@***************ts.org\" data-original-string=\"Q33Gu0tCwdzqPF9dliLtPA==a48V2FvizLbVLHjwZzaS\/59RwX2rPj8cW\/ve7ZXx7ZWbbNxLB\/ythzaJIkMlAOgTdFDJ60PbyxKQuNLCav0htaHBd4n81jAN25czdAoYPMWIrKvY30BV89uy3G+oqru8BCiFbjeG+iE7CObvF2tII53RKdYJnAb4aTClRmpdNInhA5RaThBUxWmVQWXyONysTAOKpqpkGxQJ2MA89gyWyGZwKRiKirQJEUYT+gPfeH36lHWA5dBnJ4VogC43pk5WblT+IV4927xpTo62LfyIbETGQ==\" title=\"This contact has been encoded by Anti-Spam by CleanTalk. Click to decode. To finish the decoding make sure that JavaScript is enabled in your browser.?subject=Flashmob%20N\u00fcrnberg%20-%20Instrumentalstimme&amp;body=Hallo%20Max,%0D%0A%0D%0AIch%20m\u00f6chte%20beim%20Flashmob%20mitspielen.%20Mein%20Instrument%20ist:%0D%0A%0D%0A\">E-Mail<\/a> mit:<\/p>\n<ol>\n<li>Instrument<\/li>\n<li>Schwierigkeitsgrad<\/li>\n<\/ol>\n<p>&nbsp;<\/p>\n","protected":false},"excerpt":{"rendered":"<p>Verschoben! Wegen der aktuellen Lage wird der Flashmob verschoben. Der neue Termin wir hier bekannt gegeben sobald er feststeht. Geplant war: Freitag, 17. April 2020 um 17 Uhr Stra\u00dfe der Menschenrechte (Karth\u00e4usergasse) in N\u00fcrnberg Sing mit beim Flashmob. Artikel 1 Aufnahme (Download mit Rechtsklick): https:\/\/test.sing-human-rights.org\/sing-human-rights\/article01\/Artikel1-AxelChr.Schullz.mp3 Noten-Download Chor: https:\/\/test.sing-human-rights.org\/sing-human-rights\/article01\/art01-02_smab.pdf Wonke Umuntu Aufnahme (Download mit Rechtsklick): https:\/\/test.sing-human-rights.org\/sing-human-rights\/article03\/Wonke_umuntu.mp3 [&hellip;]<\/p>\n","protected":false},"author":1,"featured_media":0,"parent":0,"menu_order":0,"comment_status":"closed","ping_status":"closed","template":"","meta":{"footnotes":"","_links_to":"","_links_to_target":""},"class_list":["post-3483","page","type-page","status-publish","czr-hentry"],"yoast_head":"<!-- This site is optimized with the Yoast SEO plugin v27.5 - https:\/\/yoast.com\/product\/yoast-seo-wordpress\/ -->\n<title>Flashmob in N\u00fcrnberg - Sing Human Rights<\/title>\n<meta name=\"robots\" content=\"index, follow, max-snippet:-1, max-image-preview:large, max-video-preview:-1\" \/>\n<link rel=\"canonical\" href=\"https:\/\/sing-human-rights.org\/flashmob\/\" \/>\n<meta property=\"og:locale\" content=\"en_US\" \/>\n<meta property=\"og:type\" content=\"article\" \/>\n<meta property=\"og:title\" content=\"Flashmob in N\u00fcrnberg - Sing Human Rights\" \/>\n<meta property=\"og:description\" content=\"Verschoben! Wegen der aktuellen Lage wird der Flashmob verschoben. Der neue Termin wir hier bekannt gegeben sobald er feststeht. Geplant war: Freitag, 17. April 2020 um 17 Uhr Stra\u00dfe der Menschenrechte (Karth\u00e4usergasse) in N\u00fcrnberg Sing mit beim Flashmob. Artikel 1 Aufnahme (Download mit Rechtsklick): https:\/\/test.sing-human-rights.org\/sing-human-rights\/article01\/Artikel1-AxelChr.Schullz.mp3 Noten-Download Chor: https:\/\/test.sing-human-rights.org\/sing-human-rights\/article01\/art01-02_smab.pdf Wonke Umuntu Aufnahme (Download mit Rechtsklick): https:\/\/test.sing-human-rights.org\/sing-human-rights\/article03\/Wonke_umuntu.mp3 [&hellip;]\" \/>\n<meta property=\"og:url\" content=\"https:\/\/sing-human-rights.org\/flashmob\/\" \/>\n<meta property=\"og:site_name\" content=\"Sing Human Rights\" \/>\n<meta property=\"article:modified_time\" content=\"2020-03-17T22:05:21+00:00\" \/>\n<meta property=\"og:image\" content=\"https:\/\/test.sing-human-rights.org\/wp-content\/uploads\/2020\/02\/flyer-NBG2020_1-150x150.jpg\" \/>\n<meta name=\"twitter:card\" content=\"summary_large_image\" \/>\n<meta name=\"twitter:label1\" content=\"Est. reading time\" \/>\n\t<meta name=\"twitter:data1\" content=\"1 minute\" \/>\n<script type=\"application\/ld+json\" class=\"yoast-schema-graph\">{\"@context\":\"https:\\\/\\\/schema.org\",\"@graph\":[{\"@type\":\"WebPage\",\"@id\":\"https:\\\/\\\/sing-human-rights.org\\\/flashmob\\\/\",\"url\":\"https:\\\/\\\/sing-human-rights.org\\\/flashmob\\\/\",\"name\":\"Flashmob in N\u00fcrnberg - Sing Human Rights\",\"isPartOf\":{\"@id\":\"https:\\\/\\\/sing-human-rights.org\\\/#website\"},\"primaryImageOfPage\":{\"@id\":\"https:\\\/\\\/sing-human-rights.org\\\/flashmob\\\/#primaryimage\"},\"image\":{\"@id\":\"https:\\\/\\\/sing-human-rights.org\\\/flashmob\\\/#primaryimage\"},\"thumbnailUrl\":\"https:\\\/\\\/test.sing-human-rights.org\\\/wp-content\\\/uploads\\\/2020\\\/02\\\/flyer-NBG2020_1-150x150.jpg\",\"datePublished\":\"2020-03-04T08:15:11+00:00\",\"dateModified\":\"2020-03-17T22:05:21+00:00\",\"breadcrumb\":{\"@id\":\"https:\\\/\\\/sing-human-rights.org\\\/flashmob\\\/#breadcrumb\"},\"inLanguage\":\"en-US\",\"potentialAction\":[{\"@type\":\"ReadAction\",\"target\":[\"https:\\\/\\\/sing-human-rights.org\\\/flashmob\\\/\"]}]},{\"@type\":\"ImageObject\",\"inLanguage\":\"en-US\",\"@id\":\"https:\\\/\\\/sing-human-rights.org\\\/flashmob\\\/#primaryimage\",\"url\":\"https:\\\/\\\/test.sing-human-rights.org\\\/wp-content\\\/uploads\\\/2020\\\/02\\\/flyer-NBG2020_1-150x150.jpg\",\"contentUrl\":\"https:\\\/\\\/test.sing-human-rights.org\\\/wp-content\\\/uploads\\\/2020\\\/02\\\/flyer-NBG2020_1-150x150.jpg\"},{\"@type\":\"BreadcrumbList\",\"@id\":\"https:\\\/\\\/sing-human-rights.org\\\/flashmob\\\/#breadcrumb\",\"itemListElement\":[{\"@type\":\"ListItem\",\"position\":1,\"name\":\"Startseite\",\"item\":\"https:\\\/\\\/sing-human-rights.org\\\/article-1\\\/\"},{\"@type\":\"ListItem\",\"position\":2,\"name\":\"Flashmob in N\u00fcrnberg\"}]},{\"@type\":\"WebSite\",\"@id\":\"https:\\\/\\\/sing-human-rights.org\\\/#website\",\"url\":\"https:\\\/\\\/sing-human-rights.org\\\/\",\"name\":\"Sing Human Rights\",\"description\":\"Musical Human Rights Education\",\"potentialAction\":[{\"@type\":\"SearchAction\",\"target\":{\"@type\":\"EntryPoint\",\"urlTemplate\":\"https:\\\/\\\/sing-human-rights.org\\\/?s={search_term_string}\"},\"query-input\":{\"@type\":\"PropertyValueSpecification\",\"valueRequired\":true,\"valueName\":\"search_term_string\"}}],\"inLanguage\":\"en-US\"}]}<\/script>\n<!-- \/ Yoast SEO plugin. -->","yoast_head_json":{"title":"Flashmob in N\u00fcrnberg - Sing Human Rights","robots":{"index":"index","follow":"follow","max-snippet":"max-snippet:-1","max-image-preview":"max-image-preview:large","max-video-preview":"max-video-preview:-1"},"canonical":"https:\/\/sing-human-rights.org\/flashmob\/","og_locale":"en_US","og_type":"article","og_title":"Flashmob in N\u00fcrnberg - Sing Human Rights","og_description":"Verschoben! Wegen der aktuellen Lage wird der Flashmob verschoben. Der neue Termin wir hier bekannt gegeben sobald er feststeht. Geplant war: Freitag, 17. April 2020 um 17 Uhr Stra\u00dfe der Menschenrechte (Karth\u00e4usergasse) in N\u00fcrnberg Sing mit beim Flashmob. Artikel 1 Aufnahme (Download mit Rechtsklick): https:\/\/test.sing-human-rights.org\/sing-human-rights\/article01\/Artikel1-AxelChr.Schullz.mp3 Noten-Download Chor: https:\/\/test.sing-human-rights.org\/sing-human-rights\/article01\/art01-02_smab.pdf Wonke Umuntu Aufnahme (Download mit Rechtsklick): https:\/\/test.sing-human-rights.org\/sing-human-rights\/article03\/Wonke_umuntu.mp3 [&hellip;]","og_url":"https:\/\/sing-human-rights.org\/flashmob\/","og_site_name":"Sing Human Rights","article_modified_time":"2020-03-17T22:05:21+00:00","og_image":[{"url":"https:\/\/test.sing-human-rights.org\/wp-content\/uploads\/2020\/02\/flyer-NBG2020_1-150x150.jpg","type":"","width":"","height":""}],"twitter_card":"summary_large_image","twitter_misc":{"Est. reading time":"1 minute"},"schema":{"@context":"https:\/\/schema.org","@graph":[{"@type":"WebPage","@id":"https:\/\/sing-human-rights.org\/flashmob\/","url":"https:\/\/sing-human-rights.org\/flashmob\/","name":"Flashmob in N\u00fcrnberg - Sing Human Rights","isPartOf":{"@id":"https:\/\/sing-human-rights.org\/#website"},"primaryImageOfPage":{"@id":"https:\/\/sing-human-rights.org\/flashmob\/#primaryimage"},"image":{"@id":"https:\/\/sing-human-rights.org\/flashmob\/#primaryimage"},"thumbnailUrl":"https:\/\/test.sing-human-rights.org\/wp-content\/uploads\/2020\/02\/flyer-NBG2020_1-150x150.jpg","datePublished":"2020-03-04T08:15:11+00:00","dateModified":"2020-03-17T22:05:21+00:00","breadcrumb":{"@id":"https:\/\/sing-human-rights.org\/flashmob\/#breadcrumb"},"inLanguage":"en-US","potentialAction":[{"@type":"ReadAction","target":["https:\/\/sing-human-rights.org\/flashmob\/"]}]},{"@type":"ImageObject","inLanguage":"en-US","@id":"https:\/\/sing-human-rights.org\/flashmob\/#primaryimage","url":"https:\/\/test.sing-human-rights.org\/wp-content\/uploads\/2020\/02\/flyer-NBG2020_1-150x150.jpg","contentUrl":"https:\/\/test.sing-human-rights.org\/wp-content\/uploads\/2020\/02\/flyer-NBG2020_1-150x150.jpg"},{"@type":"BreadcrumbList","@id":"https:\/\/sing-human-rights.org\/flashmob\/#breadcrumb","itemListElement":[{"@type":"ListItem","position":1,"name":"Startseite","item":"https:\/\/sing-human-rights.org\/article-1\/"},{"@type":"ListItem","position":2,"name":"Flashmob in N\u00fcrnberg"}]},{"@type":"WebSite","@id":"https:\/\/sing-human-rights.org\/#website","url":"https:\/\/sing-human-rights.org\/","name":"Sing Human Rights","description":"Musical Human Rights Education","potentialAction":[{"@type":"SearchAction","target":{"@type":"EntryPoint","urlTemplate":"https:\/\/sing-human-rights.org\/?s={search_term_string}"},"query-input":{"@type":"PropertyValueSpecification","valueRequired":true,"valueName":"search_term_string"}}],"inLanguage":"en-US"}]}},"_links":{"self":[{"href":"https:\/\/sing-human-rights.org\/en\/wp-json\/wp\/v2\/pages\/3483","targetHints":{"allow":["GET"]}}],"collection":[{"href":"https:\/\/sing-human-rights.org\/en\/wp-json\/wp\/v2\/pages"}],"about":[{"href":"https:\/\/sing-human-rights.org\/en\/wp-json\/wp\/v2\/types\/page"}],"author":[{"embeddable":true,"href":"https:\/\/sing-human-rights.org\/en\/wp-json\/wp\/v2\/users\/1"}],"replies":[{"embeddable":true,"href":"https:\/\/sing-human-rights.org\/en\/wp-json\/wp\/v2\/comments?post=3483"}],"version-history":[{"count":0,"href":"https:\/\/sing-human-rights.org\/en\/wp-json\/wp\/v2\/pages\/3483\/revisions"}],"wp:attachment":[{"href":"https:\/\/sing-human-rights.org\/en\/wp-json\/wp\/v2\/media?parent=3483"}],"curies":[{"name":"wp","href":"https:\/\/api.w.org\/{rel}","templated":true}]}}